{"id":762,"date":"2019-04-15T10:54:51","date_gmt":"2019-04-15T10:54:51","guid":{"rendered":"http:\/\/www.xline.es\/NeumaticosVigo\/?page_id=762"},"modified":"2019-04-15T10:55:13","modified_gmt":"2019-04-15T10:55:13","slug":"politica-de-privacidad","status":"publish","type":"page","link":"https:\/\/www.tarponrefit.com\/en\/politica-de-privacidad\/","title":{"rendered":"Pol\u00edtica de Privacidad"},"content":{"rendered":"<p><strong>POL\u00cdTICA DE PRIVACIDAD Y PROTECCI\u00d3N DE DATOS<\/strong><\/p>\n<p><strong>\u00a0<\/strong>De conformidad con el Reglamente (UE) 2016\/679 del Parlamento Europeo y del\u00a0 Consejo de 27 de abril de 2016, relativo a la protecci\u00f3n de las personas f\u00edsicas en lo que respecta al tratamiento de datos personales y a la libre circulaci\u00f3n de estos datos (Reglamento General de Protecci\u00f3n de Datos \u2013 RGPD), Neuvisa, le informa que los datos personales que usted nos facilite durante la solicitud de informaci\u00f3 o posteriormente a la misma, ser\u00e1n incluidos en un fichero automatizado de datos de car\u00e1cter personal, dicho fichero restar\u00e1 bajo responsabilidad de Neuvisa, con domicilio en Barcelona, calle Pol\u00edgono Industrial A Borna S\/N 36955 Moa\u00f1a (Pontevedra), y NIF A-36393411 (email:\u00a0<a href=\"mailto:info@neuvisa.com\">tarponrefit@neuvisa.com<\/a>)<\/p>\n<p><strong>Finalidad:<\/strong>\u00a0Recopilamos informaci\u00f3n personal para poder ponernos en contacto con el usuario, solucionar cualquier duda que pueda tener y poder concertar una cita para, de este modo, llevar a cabo la prestaci\u00f3n de nuestros servicios de la forma m\u00e1s efectiva posible.<\/p>\n<p><strong>Per\u00edodo de conservaci\u00f3n de sus datos<\/strong>: Neuvisa, conservar\u00e1 sus datos personales mientras usted no solicite su supresi\u00f3n o bien no sean necesarios para la finalidad con la que fueron recogidos.<\/p>\n<p><strong>Derechos respecto a sus datos personales:<\/strong><\/p>\n<ul>\n<li>Derecho de acceso: Consulta de sus datos contenidos en los ficheros.<\/li>\n<li>Derecho de rectificaci\u00f3n: Modificar sus datos.<\/li>\n<li>Derecho de supresi\u00f3n: Eliminaci\u00f3n de sus datos personales.<\/li>\n<li>Derecho de oposici\u00f3n: Solicitar no tratamiento de sus datos personales<\/li>\n<li>Derecho de limitaci\u00f3n en el tratamiento de sus datos.<\/li>\n<li>Portabilidad: Puede recibir sus datos en formato electr\u00f3nico y\/o transmitirlos a otras entidades.<\/li>\n<\/ul>\n<p>&nbsp;<\/p>\n<p><strong>Consentimiento:<\/strong>\u00a0El tratamiento y recopilaci\u00f3n de datos por parte de Neuvisa se basa en el consentimiento claro e inequ\u00edvoco del usuario, de conformidad con el art\u00edculo 6 del Reglamento (UE) 2016\/679 del Parlamento Europeo y del\u00a0 Consejo de 27 de abril de 2016, relativo a la protecci\u00f3n de las personas f\u00edsicas en lo que respecta al tratamiento de datos personales y a la libre circulaci\u00f3n de estos datos. Neuvisa \u00fanicamente recoger\u00e1, utilizar\u00e1 o divulgar\u00e1 la informaci\u00f3n personal del usuario cuando sea justo y l\u00edcito hacerlo.<\/p>","protected":false},"excerpt":{"rendered":"<p>POL\u00cdTICA DE PRIVACIDAD Y PROTECCI\u00d3N DE DATOS \u00a0De conformidad con el Reglamente (UE) 2016\/679 del Parlamento Europeo y del\u00a0 Consejo de 27 de abril de 2016, relativo a la protecci\u00f3n de las personas f\u00edsicas en lo que respecta al tratamiento de datos personales y a la libre circulaci\u00f3n de estos datos (Reglamento General de Protecci\u00f3n [&#8230;]","protected":false},"author":1,"featured_media":0,"parent":0,"menu_order":0,"comment_status":"closed","ping_status":"closed","template":"","meta":{"footnotes":""},"class_list":["post-762","page","type-page","status-publish","hentry"],"_links":{"self":[{"href":"https:\/\/www.tarponrefit.com\/en\/wp-json\/wp\/v2\/pages\/762","targetHints":{"allow":["GET"]}}],"collection":[{"href":"https:\/\/www.tarponrefit.com\/en\/wp-json\/wp\/v2\/pages"}],"about":[{"href":"https:\/\/www.tarponrefit.com\/en\/wp-json\/wp\/v2\/types\/page"}],"author":[{"embeddable":true,"href":"https:\/\/www.tarponrefit.com\/en\/wp-json\/wp\/v2\/users\/1"}],"replies":[{"embeddable":true,"href":"https:\/\/www.tarponrefit.com\/en\/wp-json\/wp\/v2\/comments?post=762"}],"version-history":[{"count":1,"href":"https:\/\/www.tarponrefit.com\/en\/wp-json\/wp\/v2\/pages\/762\/revisions"}],"predecessor-version":[{"id":763,"href":"https:\/\/www.tarponrefit.com\/en\/wp-json\/wp\/v2\/pages\/762\/revisions\/763"}],"wp:attachment":[{"href":"https:\/\/www.tarponrefit.com\/en\/wp-json\/wp\/v2\/media?parent=762"}],"curies":[{"name":"wp","href":"https:\/\/api.w.org\/{rel}","templated":true}]}}