{"id":641,"date":"2019-03-08T11:20:57","date_gmt":"2019-03-08T11:20:57","guid":{"rendered":"http:\/\/www.xline.es\/NeumaticosVigo\/?page_id=641"},"modified":"2023-05-04T12:29:46","modified_gmt":"2023-05-04T12:29:46","slug":"flotadores","status":"publish","type":"page","link":"https:\/\/www.tarponrefit.com\/en\/flotadores\/","title":{"rendered":"FLOTADORES"},"content":{"rendered":"<h1 style=\"text-align: center;\">TARIFA CAMBIO DE FLOTADORES SEG\u00daN ESLORAS<\/h1>\n<p>&nbsp;<\/p>\n<h3>TARIFA CAMBIO DE FLOTADORES SIN INSTALACI\u00d3N<\/h3>\n<table style=\"height: 698px;\" width=\"857\">\n<tbody>\n<tr>\n<td width=\"192\"><strong>DE 0 A 3,50 METROS\u00a0<\/strong><\/td>\n<td width=\"193\"><strong>2.065,00\u20ac<\/strong><\/td>\n<\/tr>\n<tr>\n<td width=\"192\"><strong>DE 3,60 A 4 METROS\u00a0<\/strong><\/td>\n<td width=\"193\"><strong>\u00a02.320,00\u20ac<\/strong><\/td>\n<\/tr>\n<tr>\n<td width=\"192\"><strong>DE 4,10 A 4,50 METROS<\/strong><strong style=\"font-family: inherit; font-size: inherit;\">\u00a0<\/strong><strong><br \/>\n<\/strong><\/td>\n<td width=\"193\"><strong>2.620,00\u20ac<\/strong><\/td>\n<\/tr>\n<tr>\n<td width=\"192\"><strong>DE 4,60 A 5 METROS\u00a0<\/strong><\/td>\n<td width=\"193\"><strong>3.120,00\u20ac<\/strong><\/td>\n<\/tr>\n<tr>\n<td width=\"192\"><strong>DE 5,10 A 5,50 METROS<\/strong><\/td>\n<td width=\"193\"><strong>3.505,00\u20ac<\/strong><\/td>\n<\/tr>\n<tr>\n<td width=\"192\"><strong>DE 5,60 A 6 METROS<\/strong><\/td>\n<td width=\"193\"><strong>3.930,00\u20ac<\/strong><\/td>\n<\/tr>\n<tr>\n<td width=\"192\"><strong>DE 6,10 A 6,50 METROS<\/strong><\/td>\n<td width=\"193\"><strong>5.290,00\u20ac<\/strong><\/td>\n<\/tr>\n<tr>\n<td width=\"192\"><strong>DE 6,60 A 7 METROS\u00a0<\/strong><\/td>\n<td width=\"193\"><strong>5.760,00\u20ac<\/strong><\/td>\n<\/tr>\n<tr>\n<td width=\"192\"><strong>DE 7,10 A 8 METROS\u00a0<\/strong><\/td>\n<td width=\"193\"><strong>6.350,00\u20ac<\/strong><\/td>\n<\/tr>\n<tr>\n<td width=\"192\"><strong>DE 8,10 A 9 METROS\u00a0<\/strong><\/td>\n<td width=\"193\"><strong>7.615,00\u20ac<\/strong><\/td>\n<\/tr>\n<tr>\n<td width=\"192\"><strong>DE 9,10 \u00c0 10 M\u00c8TRES<\/strong><\/td>\n<td width=\"193\"><strong>8.305,00\u20ac<\/strong><\/td>\n<\/tr>\n<tr>\n<td width=\"192\"><strong>DE 10,10 A 11 METROS\u00a0<\/strong><\/td>\n<td width=\"193\"><strong>9.130,00\u20ac<\/strong><\/td>\n<\/tr>\n<tr>\n<td width=\"192\"><strong>DE 11,10 A 12 METROS<\/strong><\/td>\n<td width=\"193\"><strong>9.880,00\u20ac<\/strong><\/td>\n<\/tr>\n<\/tbody>\n<\/table>\n<p>&nbsp;<\/p>\n<p>&nbsp;<\/p>\n<p>*En caso de no ser una embarcaci\u00f3n TARPON o no proporcionar el flotador antiguo, se aplicar\u00e1 un cargo adicional del 10% sobre el importe del flotador.<\/p>\n<p>*Flotadores con remate especial o logotipo a medida, consultar tarifa.<\/p>\n<p>*Embarcaciones de corte longitudinal se aplicar\u00e1 un suplemento del 12% sobre el importe del flotador.<\/p>\n<p>*IVA y transporte no incluido.<\/p>\n<p>Para m\u00e1s informaci\u00f3n y contrataci\u00f3n p\u00f3ngase en contacto con nosotros tarponrefit@neuvisa.com<\/p>","protected":false},"excerpt":{"rendered":"<p>TARIFA CAMBIO DE FLOTADORES SEG\u00daN ESLORAS &nbsp; TARIFA CAMBIO DE FLOTADORES SIN INSTALACI\u00d3N DE 0 A 3,50 METROS\u00a0 2.065,00\u20ac DE 3,60 A 4 METROS\u00a0 \u00a02.320,00\u20ac DE 4,10 A 4,50 METROS\u00a0 2.620,00\u20ac DE 4,60 A 5 METROS\u00a0 3.120,00\u20ac DE 5,10 A 5,50 METROS 3.505,00\u20ac DE 5,60 A 6 METROS 3.930,00\u20ac DE 6,10 A 6,50 METROS 5.290,00\u20ac [&#8230;]","protected":false},"author":2,"featured_media":0,"parent":0,"menu_order":0,"comment_status":"closed","ping_status":"closed","template":"","meta":{"footnotes":""},"class_list":["post-641","page","type-page","status-publish","hentry"],"_links":{"self":[{"href":"https:\/\/www.tarponrefit.com\/en\/wp-json\/wp\/v2\/pages\/641","targetHints":{"allow":["GET"]}}],"collection":[{"href":"https:\/\/www.tarponrefit.com\/en\/wp-json\/wp\/v2\/pages"}],"about":[{"href":"https:\/\/www.tarponrefit.com\/en\/wp-json\/wp\/v2\/types\/page"}],"author":[{"embeddable":true,"href":"https:\/\/www.tarponrefit.com\/en\/wp-json\/wp\/v2\/users\/2"}],"replies":[{"embeddable":true,"href":"https:\/\/www.tarponrefit.com\/en\/wp-json\/wp\/v2\/comments?post=641"}],"version-history":[{"count":14,"href":"https:\/\/www.tarponrefit.com\/en\/wp-json\/wp\/v2\/pages\/641\/revisions"}],"predecessor-version":[{"id":1445,"href":"https:\/\/www.tarponrefit.com\/en\/wp-json\/wp\/v2\/pages\/641\/revisions\/1445"}],"wp:attachment":[{"href":"https:\/\/www.tarponrefit.com\/en\/wp-json\/wp\/v2\/media?parent=641"}],"curies":[{"name":"wp","href":"https:\/\/api.w.org\/{rel}","templated":true}]}}